{"id":60,"date":"2010-04-02T21:06:57","date_gmt":"2010-04-02T19:06:57","guid":{"rendered":"http:\/\/www.jeute.com\/?page_id=60"},"modified":"2010-06-08T13:30:27","modified_gmt":"2010-06-08T11:30:27","slug":"restauraciones","status":"publish","type":"page","link":"http:\/\/www.jeute.com\/?page_id=60","title":{"rendered":"Restauraciones"},"content":{"rendered":"<p><strong>Mar\u00edas de la Sagrada Lanzada.<\/strong> Iglesia de San Mart\u00edn.\u00a0Sevilla<\/p>\n<p><strong>Mar\u00eda Magdalena.<\/strong> Esta imagen est\u00e1\u00a0atribuida a Blas Molner.\u00a0<br \/>\nLa imagen, \u00fanica de las tres tallada en madera, est\u00e1 de rodillas y es de candelero. Sus ojos son de cristal y lleva las manos entrelazadas. La cabeza presentaba una melena postiza de pelo natural. En la intervenci\u00f3n se le talla una melena en madera. Adem\u00e1s la intervenci\u00f3n se centra en cerrar grietas abiertas y una nueva policrom\u00eda, dado que la que presentaba no era original y de escasa calidad.<\/p>\n<p style=\"text-align: center;\"><a href=\"http:\/\/www.jeute.com\/wp-content\/uploads\/2010\/04\/Magdalena.jpg\"><img loading=\"lazy\" class=\"alignnone size-medium wp-image-61\" title=\"Magdalena\" src=\"http:\/\/www.jeute.com\/wp-content\/uploads\/2010\/04\/Magdalena-223x300.jpg\" alt=\"\" width=\"223\" height=\"300\" srcset=\"http:\/\/www.jeute.com\/wp-content\/uploads\/2010\/04\/Magdalena-223x300.jpg 223w, http:\/\/www.jeute.com\/wp-content\/uploads\/2010\/04\/Magdalena.jpg 340w\" sizes=\"(max-width: 223px) 100vw, 223px\" \/><\/a><span style=\"font-size: x-small;\">\u00a0<a href=\"http:\/\/www.jeute.com\/wp-content\/uploads\/2010\/04\/Magdalena_paso.jpg\"><img loading=\"lazy\" class=\"alignnone size-medium wp-image-62\" title=\"Magdalena_paso\" src=\"http:\/\/www.jeute.com\/wp-content\/uploads\/2010\/04\/Magdalena_paso-300x194.jpg\" alt=\"\" width=\"300\" height=\"194\" srcset=\"http:\/\/www.jeute.com\/wp-content\/uploads\/2010\/04\/Magdalena_paso-300x194.jpg 300w, http:\/\/www.jeute.com\/wp-content\/uploads\/2010\/04\/Magdalena_paso.jpg 617w\" sizes=\"(max-width: 300px) 100vw, 300px\" \/><\/a><\/span><\/p>\n<p style=\"text-align: left;\"><strong>Mar\u00eda Claof\u00e1s<\/strong>. Esta imagen s\u00ed est\u00e1 documentada seg\u00fan los archivos de la Hermandad como de Juan de Astorga. Es una imagen de gran belleza en su modelado y no debe perder categor\u00eda por el hecho de no ser de madera.<\/p>\n<p>Es la \u00fanica de las tres que no fue policromada en la intervenci\u00f3n, pues esta s\u00ed que conserva la policrom\u00eda original salvo algunos repintes en la zona del cuello. La intervenci\u00f3n se bas\u00f3 en eliminar los repintes, consolidar el soporte, sustituir pesta\u00f1as y l\u00e1grimas y la elaboraci\u00f3n de un nuevo candelero.<\/p>\n<p style=\"text-align: center;\"><a href=\"http:\/\/www.jeute.com\/wp-content\/uploads\/2010\/04\/cleofas.jpg\"><img loading=\"lazy\" class=\"alignnone size-medium wp-image-65\" title=\"cleofas\" src=\"http:\/\/www.jeute.com\/wp-content\/uploads\/2010\/04\/cleofas-216x300.jpg\" alt=\"\" width=\"216\" height=\"300\" srcset=\"http:\/\/www.jeute.com\/wp-content\/uploads\/2010\/04\/cleofas-216x300.jpg 216w, http:\/\/www.jeute.com\/wp-content\/uploads\/2010\/04\/cleofas.jpg 340w\" sizes=\"(max-width: 216px) 100vw, 216px\" \/><\/a><\/p>\n","protected":false},"excerpt":{"rendered":"<p>Mar\u00edas de la Sagrada Lanzada. Iglesia de San Mart\u00edn.\u00a0Sevilla Mar\u00eda Magdalena. Esta imagen est\u00e1\u00a0atribuida a Blas Molner.\u00a0 La imagen, \u00fanica de las tres tallada en madera, est\u00e1 de rodillas y es de candelero. Sus ojos son de cristal y lleva las manos entrelazadas. La cabeza presentaba una melena postiza de pelo natural. En la intervenci\u00f3n [&hellip;]<\/p>\n","protected":false},"author":1,"featured_media":0,"parent":0,"menu_order":3,"comment_status":"closed","ping_status":"closed","template":"","meta":[],"_links":{"self":[{"href":"http:\/\/www.jeute.com\/index.php?rest_route=\/wp\/v2\/pages\/60"}],"collection":[{"href":"http:\/\/www.jeute.com\/index.php?rest_route=\/wp\/v2\/pages"}],"about":[{"href":"http:\/\/www.jeute.com\/index.php?rest_route=\/wp\/v2\/types\/page"}],"author":[{"embeddable":true,"href":"http:\/\/www.jeute.com\/index.php?rest_route=\/wp\/v2\/users\/1"}],"replies":[{"embeddable":true,"href":"http:\/\/www.jeute.com\/index.php?rest_route=%2Fwp%2Fv2%2Fcomments&post=60"}],"version-history":[{"count":7,"href":"http:\/\/www.jeute.com\/index.php?rest_route=\/wp\/v2\/pages\/60\/revisions"}],"predecessor-version":[{"id":64,"href":"http:\/\/www.jeute.com\/index.php?rest_route=\/wp\/v2\/pages\/60\/revisions\/64"}],"wp:attachment":[{"href":"http:\/\/www.jeute.com\/index.php?rest_route=%2Fwp%2Fv2%2Fmedia&parent=60"}],"curies":[{"name":"wp","href":"https:\/\/api.w.org\/{rel}","templated":true}]}}